{"id":3,"date":"2023-06-29T23:32:43","date_gmt":"2023-06-29T23:32:43","guid":{"rendered":"https:\/\/babysitter-duesseldorf.de\/home\/babysitter-duesseldorf\/public_html\/?page_id=3"},"modified":"2023-08-01T08:41:14","modified_gmt":"2023-08-01T08:41:14","slug":"impressum","status":"publish","type":"page","link":"https:\/\/babysitter-duesseldorf.de\/?page_id=3","title":{"rendered":"Impressum"},"content":{"rendered":"\n<h1 class=\"wp-block-heading\">Angaben gem\u00e4\u00df \u00a7 5 TMG:<\/h1>\n\n\n\n<figure class=\"wp-block-image size-full\"><img loading=\"lazy\" decoding=\"async\" width=\"467\" height=\"335\" src=\"https:\/\/babysitter-duesseldorf.de\/wp-content\/uploads\/2023\/08\/Impressum-Babysitter.png\" alt=\"\" class=\"wp-image-33\" srcset=\"https:\/\/babysitter-duesseldorf.de\/wp-content\/uploads\/2023\/08\/Impressum-Babysitter.png 467w, https:\/\/babysitter-duesseldorf.de\/wp-content\/uploads\/2023\/08\/Impressum-Babysitter-300x215.png 300w\" sizes=\"auto, (max-width: 467px) 100vw, 467px\" \/><\/figure>\n\n\n\n<p> <\/p>\n","protected":false},"excerpt":{"rendered":"<p>Angaben gem\u00e4\u00df \u00a7 5 TMG:<\/p>\n","protected":false},"author":1,"featured_media":0,"parent":0,"menu_order":0,"comment_status":"closed","ping_status":"closed","template":"","meta":{"footnotes":""},"class_list":["post-3","page","type-page","status-publish","hentry"],"yoast_head":"<!-- This site is optimized with the Yoast SEO plugin v27.4 - https:\/\/yoast.com\/product\/yoast-seo-wordpress\/ -->\n<title>Impressum - Babysitter D\u00fcsseldorf<\/title>\n<meta name=\"robots\" content=\"noindex, nofollow\" \/>\n<meta property=\"og:locale\" content=\"de_DE\" \/>\n<meta property=\"og:type\" content=\"article\" \/>\n<meta property=\"og:title\" content=\"Impressum - Babysitter D\u00fcsseldorf\" \/>\n<meta property=\"og:description\" content=\"Angaben gem\u00e4\u00df \u00a7 5 TMG:\" \/>\n<meta property=\"og:url\" content=\"https:\/\/babysitter-duesseldorf.de\/?page_id=3\" \/>\n<meta property=\"og:site_name\" content=\"Babysitter D\u00fcsseldorf\" \/>\n<meta property=\"article:modified_time\" content=\"2023-08-01T08:41:14+00:00\" \/>\n<meta property=\"og:image\" content=\"https:\/\/babysitter-duesseldorf.de\/wp-content\/uploads\/2023\/08\/Impressum-Babysitter.png\" \/>\n<meta name=\"twitter:card\" content=\"summary_large_image\" \/>\n<meta name=\"twitter:label1\" content=\"Gesch\u00e4tzte Lesezeit\" \/>\n\t<meta name=\"twitter:data1\" content=\"1\u00a0Minute\" \/>\n<script type=\"application\/ld+json\" class=\"yoast-schema-graph\">{\"@context\":\"https:\\\/\\\/schema.org\",\"@graph\":[{\"@type\":\"WebPage\",\"@id\":\"https:\\\/\\\/babysitter-duesseldorf.de\\\/?page_id=3\",\"url\":\"https:\\\/\\\/babysitter-duesseldorf.de\\\/?page_id=3\",\"name\":\"Impressum - Babysitter D\u00fcsseldorf\",\"isPartOf\":{\"@id\":\"https:\\\/\\\/babysitter-duesseldorf.de\\\/#website\"},\"primaryImageOfPage\":{\"@id\":\"https:\\\/\\\/babysitter-duesseldorf.de\\\/?page_id=3#primaryimage\"},\"image\":{\"@id\":\"https:\\\/\\\/babysitter-duesseldorf.de\\\/?page_id=3#primaryimage\"},\"thumbnailUrl\":\"https:\\\/\\\/babysitter-duesseldorf.de\\\/wp-content\\\/uploads\\\/2023\\\/08\\\/Impressum-Babysitter.png\",\"datePublished\":\"2023-06-29T23:32:43+00:00\",\"dateModified\":\"2023-08-01T08:41:14+00:00\",\"breadcrumb\":{\"@id\":\"https:\\\/\\\/babysitter-duesseldorf.de\\\/?page_id=3#breadcrumb\"},\"inLanguage\":\"de\",\"potentialAction\":[{\"@type\":\"ReadAction\",\"target\":[\"https:\\\/\\\/babysitter-duesseldorf.de\\\/?page_id=3\"]}]},{\"@type\":\"ImageObject\",\"inLanguage\":\"de\",\"@id\":\"https:\\\/\\\/babysitter-duesseldorf.de\\\/?page_id=3#primaryimage\",\"url\":\"https:\\\/\\\/babysitter-duesseldorf.de\\\/wp-content\\\/uploads\\\/2023\\\/08\\\/Impressum-Babysitter.png\",\"contentUrl\":\"https:\\\/\\\/babysitter-duesseldorf.de\\\/wp-content\\\/uploads\\\/2023\\\/08\\\/Impressum-Babysitter.png\",\"width\":467,\"height\":335},{\"@type\":\"BreadcrumbList\",\"@id\":\"https:\\\/\\\/babysitter-duesseldorf.de\\\/?page_id=3#breadcrumb\",\"itemListElement\":[{\"@type\":\"ListItem\",\"position\":1,\"name\":\"Home\",\"item\":\"https:\\\/\\\/babysitter-duesseldorf.de\\\/\"},{\"@type\":\"ListItem\",\"position\":2,\"name\":\"Impressum\"}]},{\"@type\":\"WebSite\",\"@id\":\"https:\\\/\\\/babysitter-duesseldorf.de\\\/#website\",\"url\":\"https:\\\/\\\/babysitter-duesseldorf.de\\\/\",\"name\":\"Babysitter D\u00fcsseldorf\",\"description\":\"\",\"potentialAction\":[{\"@type\":\"SearchAction\",\"target\":{\"@type\":\"EntryPoint\",\"urlTemplate\":\"https:\\\/\\\/babysitter-duesseldorf.de\\\/?s={search_term_string}\"},\"query-input\":{\"@type\":\"PropertyValueSpecification\",\"valueRequired\":true,\"valueName\":\"search_term_string\"}}],\"inLanguage\":\"de\"}]}<\/script>\n<!-- \/ Yoast SEO plugin. -->","yoast_head_json":{"title":"Impressum - Babysitter D\u00fcsseldorf","robots":{"index":"noindex","follow":"nofollow"},"og_locale":"de_DE","og_type":"article","og_title":"Impressum - Babysitter D\u00fcsseldorf","og_description":"Angaben gem\u00e4\u00df \u00a7 5 TMG:","og_url":"https:\/\/babysitter-duesseldorf.de\/?page_id=3","og_site_name":"Babysitter D\u00fcsseldorf","article_modified_time":"2023-08-01T08:41:14+00:00","og_image":[{"url":"https:\/\/babysitter-duesseldorf.de\/wp-content\/uploads\/2023\/08\/Impressum-Babysitter.png","type":"","width":"","height":""}],"twitter_card":"summary_large_image","twitter_misc":{"Gesch\u00e4tzte Lesezeit":"1\u00a0Minute"},"schema":{"@context":"https:\/\/schema.org","@graph":[{"@type":"WebPage","@id":"https:\/\/babysitter-duesseldorf.de\/?page_id=3","url":"https:\/\/babysitter-duesseldorf.de\/?page_id=3","name":"Impressum - Babysitter D\u00fcsseldorf","isPartOf":{"@id":"https:\/\/babysitter-duesseldorf.de\/#website"},"primaryImageOfPage":{"@id":"https:\/\/babysitter-duesseldorf.de\/?page_id=3#primaryimage"},"image":{"@id":"https:\/\/babysitter-duesseldorf.de\/?page_id=3#primaryimage"},"thumbnailUrl":"https:\/\/babysitter-duesseldorf.de\/wp-content\/uploads\/2023\/08\/Impressum-Babysitter.png","datePublished":"2023-06-29T23:32:43+00:00","dateModified":"2023-08-01T08:41:14+00:00","breadcrumb":{"@id":"https:\/\/babysitter-duesseldorf.de\/?page_id=3#breadcrumb"},"inLanguage":"de","potentialAction":[{"@type":"ReadAction","target":["https:\/\/babysitter-duesseldorf.de\/?page_id=3"]}]},{"@type":"ImageObject","inLanguage":"de","@id":"https:\/\/babysitter-duesseldorf.de\/?page_id=3#primaryimage","url":"https:\/\/babysitter-duesseldorf.de\/wp-content\/uploads\/2023\/08\/Impressum-Babysitter.png","contentUrl":"https:\/\/babysitter-duesseldorf.de\/wp-content\/uploads\/2023\/08\/Impressum-Babysitter.png","width":467,"height":335},{"@type":"BreadcrumbList","@id":"https:\/\/babysitter-duesseldorf.de\/?page_id=3#breadcrumb","itemListElement":[{"@type":"ListItem","position":1,"name":"Home","item":"https:\/\/babysitter-duesseldorf.de\/"},{"@type":"ListItem","position":2,"name":"Impressum"}]},{"@type":"WebSite","@id":"https:\/\/babysitter-duesseldorf.de\/#website","url":"https:\/\/babysitter-duesseldorf.de\/","name":"Babysitter D\u00fcsseldorf","description":"","potentialAction":[{"@type":"SearchAction","target":{"@type":"EntryPoint","urlTemplate":"https:\/\/babysitter-duesseldorf.de\/?s={search_term_string}"},"query-input":{"@type":"PropertyValueSpecification","valueRequired":true,"valueName":"search_term_string"}}],"inLanguage":"de"}]}},"_links":{"self":[{"href":"https:\/\/babysitter-duesseldorf.de\/index.php?rest_route=\/wp\/v2\/pages\/3","targetHints":{"allow":["GET"]}}],"collection":[{"href":"https:\/\/babysitter-duesseldorf.de\/index.php?rest_route=\/wp\/v2\/pages"}],"about":[{"href":"https:\/\/babysitter-duesseldorf.de\/index.php?rest_route=\/wp\/v2\/types\/page"}],"author":[{"embeddable":true,"href":"https:\/\/babysitter-duesseldorf.de\/index.php?rest_route=\/wp\/v2\/users\/1"}],"replies":[{"embeddable":true,"href":"https:\/\/babysitter-duesseldorf.de\/index.php?rest_route=%2Fwp%2Fv2%2Fcomments&post=3"}],"version-history":[{"count":3,"href":"https:\/\/babysitter-duesseldorf.de\/index.php?rest_route=\/wp\/v2\/pages\/3\/revisions"}],"predecessor-version":[{"id":34,"href":"https:\/\/babysitter-duesseldorf.de\/index.php?rest_route=\/wp\/v2\/pages\/3\/revisions\/34"}],"wp:attachment":[{"href":"https:\/\/babysitter-duesseldorf.de\/index.php?rest_route=%2Fwp%2Fv2%2Fmedia&parent=3"}],"curies":[{"name":"wp","href":"https:\/\/api.w.org\/{rel}","templated":true}]}}